{"id":249,"date":"2016-11-06T05:24:56","date_gmt":"2016-11-06T05:24:56","guid":{"rendered":"https:\/\/ninetheme.com\/themes\/landium\/?page_id=2"},"modified":"2025-07-07T15:03:43","modified_gmt":"2025-07-07T15:03:43","slug":"about","status":"publish","type":"page","link":"http:\/\/aurafalcafe.com\/","title":{"rendered":"Home 1"},"content":{"rendered":"<p>[vc_row][vc_column]<a id=\"home\" class=\"ancor\"><\/a><div id=\"start-screen\" class=\"start-screen start-screen--static-bg start-screen--static-bg--style-1\"><div class=\"start-screen__static-bg parallax\" data-stellar-background-ratio=\"0.5\" data-stellar-vertical-offset=\"300\" data-stellar-offset-parent=\"true\" style=\"background-image: url(http:\/\/aurafalcafe.com\/wp-content\/uploads\/2021\/12\/aura-fal-cafe.jpg)\"><div class=\"pattern\" style=\"background-color:rgba(0,0,0,0.61)\"><\/div><\/div><div class=\"start-screen__content-container\"><div class=\"start-screen__content\"><div class=\"v-align\"><div class=\"v-bottom\"><div class=\"container\"><div class=\"row\"><div class=\"col-xs-12 col-sm-7\"><h1 class=\"title\">Tarot, iskambil, Kahve ve Katina Fal\u0131...<\/h1><p class=\"hero-desc\">Kad\u0131k\u00f6y de en iyi fal cafe, Erenlerden Ocak Sakine Sultan ile \u0130stanbul'da fal seans\u0131 Kad\u0131k\u00f6y Aura Fal Cafe'de, en iyi falc\u0131lar burada!<\/p><\/div><div class=\"col-xs-12 col-sm-5 col-md-4 col-md-offset-1\"><div class=\"hero-form\"><div class=\"text\"><h4 class=\"heading\">Randevu ve Bilgi i\u00e7in<\/h4><p class=\"form-desc\">Bilgi ve Fal seans\u0131 randevular\u0131n\u0131z i\u00e7in ileti\u015fim kurabilirsiniz.<\/p><\/div>\n<div class=\"wpcf7 no-js\" id=\"wpcf7-f291-o1\" lang=\"en\" dir=\"ltr\" data-wpcf7-id=\"291\">\n<div class=\"screen-reader-response\"><p role=\"status\" aria-live=\"polite\" aria-atomic=\"true\"><\/p> <ul><\/ul><\/div>\n<form action=\"\/index.php\/wp-json\/wp\/v2\/pages\/249#wpcf7-f291-o1\" method=\"post\" class=\"wpcf7-form init\" aria-label=\"Contact form\" novalidate=\"novalidate\" data-status=\"init\">\n<fieldset class=\"hidden-fields-container\"><input type=\"hidden\" name=\"_wpcf7\" value=\"291\" \/><input type=\"hidden\" name=\"_wpcf7_version\" value=\"6.1.5\" \/><input type=\"hidden\" name=\"_wpcf7_locale\" value=\"en\" \/><input type=\"hidden\" name=\"_wpcf7_unit_tag\" value=\"wpcf7-f291-o1\" \/><input type=\"hidden\" name=\"_wpcf7_container_post\" value=\"0\" \/><input type=\"hidden\" name=\"_wpcf7_posted_data_hash\" value=\"\" \/>\n<\/fieldset>\n<p><label class=\"input-wrp\"><span class=\"wpcf7-form-control-wrap\" data-name=\"text-206\"><input size=\"40\" maxlength=\"400\" class=\"wpcf7-form-control wpcf7-text wpcf7-validates-as-required\" aria-required=\"true\" aria-invalid=\"false\" placeholder=\"\u0130sim\" value=\"\" type=\"text\" name=\"text-206\" \/><\/span><i class=\"fontello-user\"><\/i><\/label><br \/>\n<label class=\"input-wrp\"><span class=\"wpcf7-form-control-wrap\" data-name=\"text-207\"><input size=\"40\" maxlength=\"400\" class=\"wpcf7-form-control wpcf7-text wpcf7-validates-as-required\" aria-required=\"true\" aria-invalid=\"false\" placeholder=\"E-mail\" value=\"\" type=\"text\" name=\"text-207\" \/><\/span><i class=\"fontello-mail\"><\/i><\/label><br \/>\n<label class=\"input-wrp\"><span class=\"wpcf7-form-control-wrap\" data-name=\"text-208\"><input size=\"40\" maxlength=\"400\" class=\"wpcf7-form-control wpcf7-text\" aria-invalid=\"false\" placeholder=\"Telefon\" value=\"\" type=\"text\" name=\"text-208\" \/><\/span><i class=\"fontello-mobile\"><\/i><\/label>\n<\/p>\n<p class=\"note\">*Not: G\u00fcn i\u00e7erisinde mutlaka d\u00f6n\u00fc\u015f yap\u0131lacakt\u0131r.\n<\/p>\n<div class=\"btn-wrp\">\n\t<p><input class=\"wpcf7-form-control wpcf7-submit has-spinner submit-btn\" type=\"submit\" value=\"Mesaj G\u00f6nder\" \/>\n\t<\/p>\n<\/div><div class=\"wpcf7-response-output\" aria-hidden=\"true\"><\/div>\n<\/form>\n<\/div>\n<\/div><\/div><\/div><\/div><\/div><\/div><\/div><\/div><\/div>[\/vc_column][\/vc_row][vc_row][vc_column]<!-- start section --><a id=\"services\" class=\"ancor\"><\/a><section class=\"section\"><div class=\"container\"><div class=\"section-heading section-heading--center\"><h2 class=\"title h1\">Aura Fal Cafe'de<\/h2><p class=\"sec-desc\">\u00d6ncelikli olarak Kahve Fal\u0131, \u0130skambil Fal\u0131, Tarot Fal\u0131 ve farkl\u0131 Fal \u00e7e\u015fitleri ile hizmet vermekteyiz...<\/p><\/div><div class=\"list-with-icon list-with-icon--style-1\"><div class=\"list__inner\"><div class=\"row\"><!-- start item --><div class=\"col-xs-12 col-md-4\"><div class=\"list__item\"><img decoding=\"async\" class=\"list__item__ico img-responsive\" src=\"http:\/\/aurafalcafe.com\/wp-content\/uploads\/2021\/12\/kahve-fali-ikon-01-1.png\" alt=\"img-icon\" \/><h3 class=\"list__item__title\">Kahve Fal\u0131<\/h3><p class=\"list-desc\">Kahve fal\u0131 olduk\u00e7a eski ve son derece klasik bir kehanet y\u00f6ntemidir.  Ba\u015fta T\u00fcrkiye olmak \u00fczere \u00f6zellikle M\u00fcsl\u00fcman \u00fclkelerde \u00e7ok ge\u00e7erli bir fal \u015feklidir.<\/p><\/div><\/div><!-- end item --><!-- start item --><div class=\"col-xs-12 col-md-4\"><div class=\"list__item\"><img decoding=\"async\" class=\"list__item__ico img-responsive\" src=\"http:\/\/aurafalcafe.com\/wp-content\/uploads\/2021\/12\/download.png\" alt=\"img-icon\" \/><h3 class=\"list__item__title\">Tarot Fal\u0131<\/h3><p class=\"list-desc\">Tarot, Orta \u00c7a\u011f\u2019\u0131n sonlar\u0131na do\u011fru ortaya \u00e7\u0131km\u0131\u015f oldu\u011fu tahmin edilen ve insanl\u0131k \u00e7a\u011f\u0131n\u0131n bilinen en eski kehanet y\u00f6ntemlerinden biridir. 78 karttan ve iki ana b\u00f6l\u00fcmden olu\u015fmaktad\u0131r. <\/p><\/div><\/div><!-- end item --><!-- start item --><div class=\"col-xs-12 col-md-4\"><div class=\"list__item\"><img decoding=\"async\" class=\"list__item__ico img-responsive\" src=\"http:\/\/aurafalcafe.com\/wp-content\/uploads\/2021\/12\/iskambil.png\" alt=\"img-icon\" \/><h3 class=\"list__item__title\">\u0130skambil Fal\u0131<\/h3><p class=\"list-desc\">G\u00fcn\u00fcm\u00fcz insanlar\u0131n\u0131n oyun oynamak amac\u0131yla kulland\u0131\u011f\u0131 kartlar\u0131 uzun zaman \u00f6nce eski insanlar gelece\u011fi g\u00f6rmek amac\u0131yla kullan\u0131rlard\u0131. Asl\u0131nda oyun kartlar\u0131 gelece\u011fi g\u00f6rmek amac\u0131yla \u00fcretilmi\u015flerdir.<\/p><\/div><\/div><!-- end item --><\/div><\/div><\/div><\/div><\/section><!-- end section -->[\/vc_column][\/vc_row][vc_row][vc_column]<!-- start section --><a id=\"about\" class=\"ancor\"><\/a><section class=\"section section-about section-about--style-1 section--background-base\"><div class=\"container-fluid\"><div class=\"section-heading section-heading--center section-heading--white  hidden-md hidden-lg\"><h2 class=\"title h1\">Hakk\u0131m\u0131zda<\/h2><p class=\"sec-desc\"><strong>D\u00fc\u015fleriniz i\u00e7in sizleri Aura fal cafe de fal seanslar\u0131na davet ediyoruz. \u0130stanbul\u2019da fal i\u00e7in en do\u011fru mekan Kad\u0131k\u00f6y'de...<\/strong><\/p><\/div><div class=\"row\"><div class=\"col-xs-12 col-md-6\"><div class=\"img-place\"><img decoding=\"async\" class=\"center-block\" src=\"http:\/\/aurafalcafe.com\/wp-content\/uploads\/2021\/12\/img_5-1-AB-1.png\" alt=\"demo\" \/><\/div><\/div><\/div><\/div><div class=\"container\"><div class=\"row\"><div class=\"col-xs-12 col-md-6 col-md-offset-6\"><div class=\"col-md-MB-30\"><div class=\"section-heading section-heading--left section-heading--white  visible-md visible-lg\"><h2 class=\"title h1\">Hakk\u0131m\u0131zda<\/h2><p class=\"sec-desc\"><strong>D\u00fc\u015fleriniz i\u00e7in sizleri Aura fal cafe de fal seanslar\u0131na davet ediyoruz. \u0130stanbul\u2019da fal i\u00e7in en do\u011fru mekan Kad\u0131k\u00f6y'de...<\/strong><\/p><\/div><\/div><p class=\"\">Kad\u0131k\u00f6y'de en iyi fal Cafe olan Aura Fal Cafe, Serasker Caddesi \u00fczerinde fal alan\u0131nda hizmet vermektedir. \u00dcnl\u00fc bir \u00e7ok sima taraf\u0131ndan ziyaret edilen Aura fal cafe, uzun y\u0131llar\u0131n eme\u011fi, birikimi ve tecr\u00fcbesi ile fal cafe konseptini en do\u011fru bi\u00e7imde yans\u0131tmaya devam etmektedir.<br \/>\n\u0130stanbul\u2019un en geli\u015fmi\u015f il\u00e7elerinden olan Kad\u0131k\u00f6y, Fal konusunda kazand\u0131\u011f\u0131 \u00fcn ile her g\u00fcn y\u00fczlerce ziyaret\u00e7inin u\u011frad\u0131\u011f\u0131 bir yerdir. \u00d6zellikle ge\u00e7mi\u015f fal tarihi konusunda hat\u0131r\u0131 say\u0131l\u0131r seviyede sayg\u0131n olan kad\u0131k\u00f6y, medyumlar\u0131n ba\u015far\u0131s\u0131 ile \u00fcn\u00fcne \u00fcn katm\u0131\u015ft\u0131r.<\/p><\/div><\/div><\/div><\/section><!-- end section -->[\/vc_column][\/vc_row][vc_row][vc_column]<!-- start section --><a id=\"falcilar\" class=\"ancor\"><\/a><section class=\"section section--background-base-light\"><div class=\"container\"><div class=\"section-heading section-heading--center\"><h2 class=\"title h1\">Aura Fal Cafe Medyumlar\u0131m\u0131z<\/h2><p class=\"sec-desc\">Kad\u0131k\u00f6y Aura Fal Cafe'de sizleri bekleyen \u00fcnl\u00fc falc\u0131 ve medyumlar\u0131m\u0131z..<\/p><\/div><div class=\"feedback feedback--slider feedback--style-1 feedback-slider--style-1\"><div class=\"feedback__inner owl-carousel owl-theme\"><!-- start item --><article class=\"feedback__item\"><div class=\"feedback__text\"><p>\u0130stanbul ve Kad\u0131k\u00f6y'\u00fcn en \u00fcnl\u00fc fal cafesi Aura Fal Cafe'de<\/p><\/div><div class=\"feedback__author\"><img loading=\"lazy\" decoding=\"async\" class=\"circled\" src=\"http:\/\/aurafalcafe.com\/wp-content\/uploads\/2025\/07\/4.jpg\" height=\"75\" width=\"75\" alt=\"demo\" \/><h3 class=\"name\">Erenlerden Ocak Sakine Sultan<\/h3><h5 class=\"position\">Kur\u015fun \u015eifac\u0131<\/h5><\/div><\/article><!-- end item --><!-- start item --><article class=\"feedback__item\"><div class=\"feedback__text\"><p>\u0130stanbul ve Kad\u0131k\u00f6y'\u00fcn en \u00fcnl\u00fc fal cafesi Aura Fal Cafe'de<\/p><\/div><div class=\"feedback__author\"><img loading=\"lazy\" decoding=\"async\" class=\"circled\" src=\"http:\/\/aurafalcafe.com\/wp-content\/uploads\/2025\/07\/2.jpg\" height=\"75\" width=\"75\" alt=\"demo\" \/><h3 class=\"name\">Falc\u0131 Samara<\/h3><h5 class=\"position\">A\u015fk ili\u015fki evlilik Katina A\u00e7\u0131l\u0131m\u0131<\/h5><\/div><\/article><!-- end item --><!-- start item --><article class=\"feedback__item\"><div class=\"feedback__text\"><p>\u0130stanbul ve Kad\u0131k\u00f6y'\u00fcn en \u00fcnl\u00fc fal cafesi Aura Fal Cafe'de<\/p><\/div><div class=\"feedback__author\"><img loading=\"lazy\" decoding=\"async\" class=\"circled\" src=\"http:\/\/aurafalcafe.com\/wp-content\/uploads\/2025\/07\/1.jpg\" height=\"75\" width=\"75\" alt=\"demo\" \/><h3 class=\"name\">Falc\u0131 Azize<\/h3><h5 class=\"position\">\u00d6zel Kart A\u00e7\u0131l\u0131m\u0131, Y\u0131ld\u0131z a\u00e7\u0131l\u0131m\u0131, Kahve Fal\u0131, Tarot Fal\u0131<\/h5><\/div><\/article><!-- end item --><!-- start item --><article class=\"feedback__item\"><div class=\"feedback__text\"><p>\u0130stanbul ve Kad\u0131k\u00f6y'\u00fcn en \u00fcnl\u00fc fal cafesi Aura Fal Cafe'de<\/p><\/div><div class=\"feedback__author\"><img loading=\"lazy\" decoding=\"async\" class=\"circled\" src=\"http:\/\/aurafalcafe.com\/wp-content\/uploads\/2025\/07\/3.jpg\" height=\"75\" width=\"75\" alt=\"demo\" \/><h3 class=\"name\">Efsane Falc\u0131 Alaaddin<\/h3><h5 class=\"position\">Tarot, Kahve Fal\u0131, Katina Fal\u0131, Su fal\u0131<\/h5><\/div><\/article><!-- end item --><!-- start item --><article class=\"feedback__item\"><div class=\"feedback__text\"><p>\u0130stanbul ve Kad\u0131k\u00f6y'\u00fcn en \u00fcnl\u00fc fal cafesi Aura Fal Cafe'de<\/p><\/div><div class=\"feedback__author\"><img loading=\"lazy\" decoding=\"async\" class=\"circled\" src=\"http:\/\/aurafalcafe.com\/wp-content\/uploads\/2025\/07\/5.jpg\" height=\"75\" width=\"75\" alt=\"demo\" \/><h3 class=\"name\">Bulgar Asel Kuzey<\/h3><h5 class=\"position\">Tarot, Kahve Fal\u0131, Katina Fal\u0131, Su fal\u0131<\/h5><\/div><\/article><!-- end item --><\/div><\/div><\/div><\/section><!-- end section -->[\/vc_column][\/vc_row][vc_row][vc_column]<!-- start section --><div id=\"clients\" class=\"section\"><div class=\"container\"><div class=\"partners-list\"><div class=\"partners-list__inner\"><span class=\"partners-list__item\"><img decoding=\"async\" src=\"http:\/\/aurafalcafe.com\/wp-content\/uploads\/2021\/12\/1.png\" alt=\"demo\" \/><\/span><span class=\"partners-list__item\"><img decoding=\"async\" src=\"http:\/\/aurafalcafe.com\/wp-content\/uploads\/2021\/12\/2.png\" alt=\"demo\" \/><\/span><span class=\"partners-list__item\"><img decoding=\"async\" src=\"http:\/\/aurafalcafe.com\/wp-content\/uploads\/2021\/12\/4b.png\" alt=\"demo\" \/><\/span><\/div><\/div><\/div><\/div><!-- end section -->[\/vc_column][\/vc_row][vc_row][vc_column][vc_gmaps link=&#8221;#E-8_JTNDaWZyYW1lJTIwc3JjJTNEJTIyaHR0cHMlM0ElMkYlMkZ3d3cuZ29vZ2xlLmNvbSUyRm1hcHMlMkZlbWJlZCUzRnBiJTNEJTIxMW0xOCUyMTFtMTIlMjExbTMlMjExZDMwMTEuNjIzMjY5ODI2NzMlMjEyZDI5LjAyNDcyOTQxNTI1NzI4NyUyMTNkNDAuOTg5NzI5NDc5MzAyNjglMjEybTMlMjExZjAlMjEyZjAlMjEzZjAlMjEzbTIlMjExaTEwMjQlMjEyaTc2OCUyMTRmMTMuMSUyMTNtMyUyMTFtMiUyMTFzMHgxNGNhYjg2NjMyNTgwMGIxJTI1M0EweDUxMjhjN2QwOTNkOTI3N2MlMjEyc0FVUkElMjUyMEZBTCUyNTIwQ0FGRSUyMTVlMCUyMTNtMiUyMTFzdHIlMjEyc3RyJTIxNHYxNjM5NzAyNTAxNzIwJTIxNW0yJTIxMXN0ciUyMTJzdHIlMjIlMjB3aWR0aCUzRCUyMjYwMCUyMiUyMGhlaWdodCUzRCUyMjQ1MCUyMiUyMGZyYW1lYm9yZGVyJTNEJTIyMCUyMiUyMHN0eWxlJTNEJTIyYm9yZGVyJTNBMCUyMiUyMGFsbG93ZnVsbHNjcmVlbiUzRSUzQyUyRmlmcmFtZSUzRQ==&#8221; title=&#8221;Adres Tarifi&#8221;][\/vc_column][\/vc_row]<\/p>\n","protected":false},"excerpt":{"rendered":"<p>[vc_row][vc_column][\/vc_column][\/vc_row][vc_row][vc_column][\/vc_column][\/vc_row][vc_row][vc_column][\/vc_column][\/vc_row][vc_row][vc_column][\/vc_column][\/vc_row][vc_row][vc_column][\/vc_column][\/vc_row][vc_row][vc_column][vc_gmaps link=&#8221;#E-8_JTNDaWZyYW1lJTIwc3JjJTNEJTIyaHR0cHMlM0ElMkYlMkZ3d3cuZ29vZ2xlLmNvbSUyRm1hcHMlMkZlbWJlZCUzRnBiJTNEJTIxMW0xOCUyMTFtMTIlMjExbTMlMjExZDMwMTEuNjIzMjY5ODI2NzMlMjEyZDI5LjAyNDcyOTQxNTI1NzI4NyUyMTNkNDAuOTg5NzI5NDc5MzAyNjglMjEybTMlMjExZjAlMjEyZjAlMjEzZjAlMjEzbTIlMjExaTEwMjQlMjEyaTc2OCUyMTRmMTMuMSUyMTNtMyUyMTFtMiUyMTFzMHgxNGNhYjg2NjMyNTgwMGIxJTI1M0EweDUxMjhjN2QwOTNkOTI3N2MlMjEyc0FVUkElMjUyMEZBTCUyNTIwQ0FGRSUyMTVlMCUyMTNtMiUyMTFzdHIlMjEyc3RyJTIxNHYxNjM5NzAyNTAxNzIwJTIxNW0yJTIxMXN0ciUyMTJzdHIlMjIlMjB3aWR0aCUzRCUyMjYwMCUyMiUyMGhlaWdodCUzRCUyMjQ1MCUyMiUyMGZyYW1lYm9yZGVyJTNEJTIyMCUyMiUyMHN0eWxlJTNEJTIyYm9yZGVyJTNBMCUyMiUyMGFsbG93ZnVsbHNjcmVlbiUzRSUzQyUyRmlmcmFtZSUzRQ==&#8221; title=&#8221;Adres Tarifi&#8221;][\/vc_column][\/vc_row]<\/p>\n","protected":false},"author":1,"featured_media":0,"parent":0,"menu_order":0,"comment_status":"open","ping_status":"open","template":"one-page-template.php","meta":{"footnotes":""},"class_list":["post-249","page","type-page","status-publish","hentry"],"_links":{"self":[{"href":"http:\/\/aurafalcafe.com\/index.php\/wp-json\/wp\/v2\/pages\/249","targetHints":{"allow":["GET"]}}],"collection":[{"href":"http:\/\/aurafalcafe.com\/index.php\/wp-json\/wp\/v2\/pages"}],"about":[{"href":"http:\/\/aurafalcafe.com\/index.php\/wp-json\/wp\/v2\/types\/page"}],"author":[{"embeddable":true,"href":"http:\/\/aurafalcafe.com\/index.php\/wp-json\/wp\/v2\/users\/1"}],"replies":[{"embeddable":true,"href":"http:\/\/aurafalcafe.com\/index.php\/wp-json\/wp\/v2\/comments?post=249"}],"version-history":[{"count":67,"href":"http:\/\/aurafalcafe.com\/index.php\/wp-json\/wp\/v2\/pages\/249\/revisions"}],"predecessor-version":[{"id":419,"href":"http:\/\/aurafalcafe.com\/index.php\/wp-json\/wp\/v2\/pages\/249\/revisions\/419"}],"wp:attachment":[{"href":"http:\/\/aurafalcafe.com\/index.php\/wp-json\/wp\/v2\/media?parent=249"}],"curies":[{"name":"wp","href":"https:\/\/api.w.org\/{rel}","templated":true}]}}